{"id":75,"date":"2025-03-22T11:21:56","date_gmt":"2025-03-22T11:21:56","guid":{"rendered":"https:\/\/calipso.pe\/?page_id=75"},"modified":"2025-03-22T11:33:08","modified_gmt":"2025-03-22T11:33:08","slug":"servicios","status":"publish","type":"page","link":"https:\/\/calipso.pe\/index.php\/servicios\/","title":{"rendered":"Servicios"},"content":{"rendered":"\n<div class=\"wp-block-media-text is-stacked-on-mobile\"><figure class=\"wp-block-media-text__media\"><img fetchpriority=\"high\" decoding=\"async\" width=\"1024\" height=\"682\" src=\"https:\/\/calipso.pe\/wp-content\/uploads\/2025\/03\/01_establecimientos_hospedaje-2-1024x682.jpg\" alt=\"\" class=\"wp-image-77 size-full\" srcset=\"https:\/\/calipso.pe\/wp-content\/uploads\/2025\/03\/01_establecimientos_hospedaje-2-1024x682.jpg 1024w, https:\/\/calipso.pe\/wp-content\/uploads\/2025\/03\/01_establecimientos_hospedaje-2-300x200.jpg 300w, https:\/\/calipso.pe\/wp-content\/uploads\/2025\/03\/01_establecimientos_hospedaje-2-768x512.jpg 768w, https:\/\/calipso.pe\/wp-content\/uploads\/2025\/03\/01_establecimientos_hospedaje-2.webp 1280w\" sizes=\"(max-width: 1024px) 100vw, 1024px\" \/><\/figure><div class=\"wp-block-media-text__content\">\n<p><strong><font size=\"5\">Establecimientos de Hospedaje<\/font><\/strong><\/p>\n\n\n\n<p>Diag\u00f3stico<\/p>\n\n\n\n<p>Gesti\u00f3n de Calidad<\/p>\n\n\n\n<p>Planeamiento Estrat\u00e9gico<\/p>\n\n\n\n<p>Gesti\u00f3n de Alojamiento<\/p>\n\n\n\n<p>Gesti\u00f3n de Alimentaci\u00f3n<\/p>\n\n\n\n<p>Gesti\u00f3n de Backoffice<\/p>\n\n\n\n<p>Capacitaci\u00f3n<\/p>\n<\/div><\/div>\n\n\n\n<div class=\"wp-block-media-text is-stacked-on-mobile\"><figure class=\"wp-block-media-text__media\"><img decoding=\"async\" width=\"1024\" height=\"682\" src=\"https:\/\/calipso.pe\/wp-content\/uploads\/2025\/03\/02_centros_hospitalarios-1-1024x682.jpg\" alt=\"\" class=\"wp-image-78 size-full\" srcset=\"https:\/\/calipso.pe\/wp-content\/uploads\/2025\/03\/02_centros_hospitalarios-1-1024x682.jpg 1024w, https:\/\/calipso.pe\/wp-content\/uploads\/2025\/03\/02_centros_hospitalarios-1-300x200.webp 300w, https:\/\/calipso.pe\/wp-content\/uploads\/2025\/03\/02_centros_hospitalarios-1-768x512.jpg 768w, https:\/\/calipso.pe\/wp-content\/uploads\/2025\/03\/02_centros_hospitalarios-1.webp 1280w\" sizes=\"(max-width: 1024px) 100vw, 1024px\" \/><\/figure><div class=\"wp-block-media-text__content\">\n<p><strong><font size=\"5\">Centros Hospitalarios<\/font><\/strong><\/p>\n\n\n\n<p>Admisi\u00f3n<\/p>\n\n\n\n<p>Gesti\u00f3n de Calidad<\/p>\n\n\n\n<p>Gesti\u00f3n de Alimentaci\u00f3n<\/p>\n\n\n\n<p>Atenci\u00f3n al Paciente<\/p>\n\n\n\n<p>Relaciones P\u00fablicas<\/p>\n\n\n\n<p>Hospitalizaci\u00f3n<\/p>\n\n\n\n<p>Seguridad<\/p>\n<\/div><\/div>\n\n\n\n<div class=\"wp-block-media-text is-stacked-on-mobile\"><figure class=\"wp-block-media-text__media\"><img decoding=\"async\" width=\"1024\" height=\"682\" src=\"https:\/\/calipso.pe\/wp-content\/uploads\/2025\/03\/03_restaurantes-1024x682.webp\" alt=\"\" class=\"wp-image-71 size-full\" srcset=\"https:\/\/calipso.pe\/wp-content\/uploads\/2025\/03\/03_restaurantes-1024x682.webp 1024w, https:\/\/calipso.pe\/wp-content\/uploads\/2025\/03\/03_restaurantes-300x200.webp 300w, https:\/\/calipso.pe\/wp-content\/uploads\/2025\/03\/03_restaurantes-768x512.webp 768w, https:\/\/calipso.pe\/wp-content\/uploads\/2025\/03\/03_restaurantes.webp 1280w\" sizes=\"(max-width: 1024px) 100vw, 1024px\" \/><\/figure><div class=\"wp-block-media-text__content\">\n<p><strong><font size=\"5\">Restaurantes<\/font><\/strong><\/p>\n\n\n\n<p>Gesti\u00f3n de Sal\u00f3n<\/p>\n\n\n\n<p>Gesti\u00f3n de Cocinas<\/p>\n\n\n\n<p>Gesti\u00f3n de Almacenes<\/p>\n\n\n\n<p>BPM y HACCP<\/p>\n\n\n\n<p>Mermas y Rentabilidad<\/p>\n\n\n\n<p>Oferta Gastron\u00f3mica<\/p>\n\n\n\n<p>Marketing y Ventas<\/p>\n<\/div><\/div>\n\n\n\n<div class=\"wp-block-media-text is-stacked-on-mobile\"><figure class=\"wp-block-media-text__media\"><img loading=\"lazy\" decoding=\"async\" width=\"1024\" height=\"731\" src=\"https:\/\/calipso.pe\/wp-content\/uploads\/2025\/03\/04_instituciones_educativas-1024x731.webp\" alt=\"\" class=\"wp-image-69 size-full\" srcset=\"https:\/\/calipso.pe\/wp-content\/uploads\/2025\/03\/04_instituciones_educativas-1024x731.webp 1024w, https:\/\/calipso.pe\/wp-content\/uploads\/2025\/03\/04_instituciones_educativas-300x214.webp 300w, https:\/\/calipso.pe\/wp-content\/uploads\/2025\/03\/04_instituciones_educativas-768x548.jpg 768w, https:\/\/calipso.pe\/wp-content\/uploads\/2025\/03\/04_instituciones_educativas.webp 1280w\" sizes=\"(max-width: 1024px) 100vw, 1024px\" \/><\/figure><div class=\"wp-block-media-text__content\">\n<p><strong><font size=\"5\">Instituciones Educativas<\/font><\/strong><\/p>\n\n\n\n<p>Diagn\u00f3stico<\/p>\n\n\n\n<p>Proyecto Educativo<\/p>\n\n\n\n<p>Perfiles<\/p>\n\n\n\n<p>Estructura Curricular<\/p>\n\n\n\n<p>Autoevaluaci\u00f3n<\/p>\n\n\n\n<p>Seguimiento y Monitoreo<\/p>\n\n\n\n<p>Capacitaci\u00f3n Docente<\/p>\n<\/div><\/div>\n\n\n\n<div class=\"wp-block-media-text is-stacked-on-mobile\"><figure class=\"wp-block-media-text__media\"><img loading=\"lazy\" decoding=\"async\" width=\"1024\" height=\"682\" src=\"https:\/\/calipso.pe\/wp-content\/uploads\/2025\/03\/05_comunicades_rurales-1024x682.webp\" alt=\"\" class=\"wp-image-68 size-full\" srcset=\"https:\/\/calipso.pe\/wp-content\/uploads\/2025\/03\/05_comunicades_rurales-1024x682.webp 1024w, https:\/\/calipso.pe\/wp-content\/uploads\/2025\/03\/05_comunicades_rurales-300x200.webp 300w, https:\/\/calipso.pe\/wp-content\/uploads\/2025\/03\/05_comunicades_rurales-768x512.webp 768w, https:\/\/calipso.pe\/wp-content\/uploads\/2025\/03\/05_comunicades_rurales.webp 1280w\" sizes=\"(max-width: 1024px) 100vw, 1024px\" \/><\/figure><div class=\"wp-block-media-text__content\">\n<p><strong><font size=\"5\">Comunidades Rurales<\/font><\/strong><\/p>\n\n\n\n<p>Plan de Negocio<\/p>\n\n\n\n<p>Infraestructura<\/p>\n\n\n\n<p>Acondicionamiento B\u00e1sico<\/p>\n\n\n\n<p>Imagen e Identidad<\/p>\n\n\n\n<p>Turismo Local<\/p>\n\n\n\n<p>Oferta Gastron\u00f3mica Local<\/p>\n\n\n\n<p>Capacitaci\u00f3n<\/p>\n<\/div><\/div>\n\n\n\n<div class=\"wp-block-media-text is-stacked-on-mobile\"><figure class=\"wp-block-media-text__media\"><img loading=\"lazy\" decoding=\"async\" width=\"1024\" height=\"683\" src=\"https:\/\/calipso.pe\/wp-content\/uploads\/2025\/03\/06_seleccion_personal-1024x683.webp\" alt=\"\" class=\"wp-image-67 size-full\" srcset=\"https:\/\/calipso.pe\/wp-content\/uploads\/2025\/03\/06_seleccion_personal-1024x683.webp 1024w, https:\/\/calipso.pe\/wp-content\/uploads\/2025\/03\/06_seleccion_personal-300x200.webp 300w, https:\/\/calipso.pe\/wp-content\/uploads\/2025\/03\/06_seleccion_personal-768x512.webp 768w, https:\/\/calipso.pe\/wp-content\/uploads\/2025\/03\/06_seleccion_personal.webp 1280w\" sizes=\"(max-width: 1024px) 100vw, 1024px\" \/><\/figure><div class=\"wp-block-media-text__content\">\n<p><strong><font size=\"5\">Selecci\u00f3n de Personal<\/font><\/strong><\/p>\n\n\n\n<p>Selecci\u00f3n<\/p>\n\n\n\n<p>Talleres de Inducci\u00f3n<\/p>\n\n\n\n<p>Competencias<\/p>\n\n\n\n<p>Evaluaci\u00f3n Psicol\u00f3gica<\/p>\n\n\n\n<p>Certificaciones y Garant\u00edas<\/p>\n<\/div><\/div>\n\n\n\n<div class=\"wp-block-media-text is-stacked-on-mobile\"><figure class=\"wp-block-media-text__media\"><img loading=\"lazy\" decoding=\"async\" width=\"1024\" height=\"682\" src=\"https:\/\/calipso.pe\/wp-content\/uploads\/2025\/03\/07_entidades_publicas-1024x682.jpg\" alt=\"\" class=\"wp-image-70 size-full\" srcset=\"https:\/\/calipso.pe\/wp-content\/uploads\/2025\/03\/07_entidades_publicas-1024x682.jpg 1024w, https:\/\/calipso.pe\/wp-content\/uploads\/2025\/03\/07_entidades_publicas-300x200.jpg 300w, https:\/\/calipso.pe\/wp-content\/uploads\/2025\/03\/07_entidades_publicas-768x512.jpg 768w, https:\/\/calipso.pe\/wp-content\/uploads\/2025\/03\/07_entidades_publicas.jpg 1280w\" sizes=\"(max-width: 1024px) 100vw, 1024px\" \/><\/figure><div class=\"wp-block-media-text__content\">\n<p><strong><font size=\"5\">Entidades P\u00fablicas<\/font><\/strong><\/p>\n\n\n\n<p>Diagn\u00f3stico<\/p>\n\n\n\n<p>Capacitaci\u00f3n a Funcionarios<\/p>\n\n\n\n<p>Estandarizaci\u00f3n de Procesos<\/p>\n\n\n\n<p>Plan de Desarrollo<\/p>\n<\/div><\/div>\n","protected":false},"excerpt":{"rendered":"<p>Establecimientos de Hospedaje Diag\u00f3stico Gesti\u00f3n de Calidad Planeamiento Estrat\u00e9gico Gesti\u00f3n de Alojamiento Gesti\u00f3n de Alimentaci\u00f3n Gesti\u00f3n de Backoffice Capacitaci\u00f3n Centros Hospitalarios Admisi\u00f3n Gesti\u00f3n de Calidad Gesti\u00f3n de Alimentaci\u00f3n Atenci\u00f3n al Paciente Relaciones P\u00fablicas Hospitalizaci\u00f3n Seguridad Restaurantes Gesti\u00f3n de Sal\u00f3n Gesti\u00f3n de Cocinas Gesti\u00f3n de Almacenes BPM y HACCP Mermas y Rentabilidad Oferta Gastron\u00f3mica Marketing y [&hellip;]<\/p>\n","protected":false},"author":1,"featured_media":0,"parent":0,"menu_order":0,"comment_status":"closed","ping_status":"closed","template":"","meta":{"footnotes":""},"class_list":["post-75","page","type-page","status-publish","hentry"],"_links":{"self":[{"href":"https:\/\/calipso.pe\/index.php\/wp-json\/wp\/v2\/pages\/75","targetHints":{"allow":["GET"]}}],"collection":[{"href":"https:\/\/calipso.pe\/index.php\/wp-json\/wp\/v2\/pages"}],"about":[{"href":"https:\/\/calipso.pe\/index.php\/wp-json\/wp\/v2\/types\/page"}],"author":[{"embeddable":true,"href":"https:\/\/calipso.pe\/index.php\/wp-json\/wp\/v2\/users\/1"}],"replies":[{"embeddable":true,"href":"https:\/\/calipso.pe\/index.php\/wp-json\/wp\/v2\/comments?post=75"}],"version-history":[{"count":2,"href":"https:\/\/calipso.pe\/index.php\/wp-json\/wp\/v2\/pages\/75\/revisions"}],"predecessor-version":[{"id":83,"href":"https:\/\/calipso.pe\/index.php\/wp-json\/wp\/v2\/pages\/75\/revisions\/83"}],"wp:attachment":[{"href":"https:\/\/calipso.pe\/index.php\/wp-json\/wp\/v2\/media?parent=75"}],"curies":[{"name":"wp","href":"https:\/\/api.w.org\/{rel}","templated":true}]}}